{"id":7,"date":"2019-12-19T18:09:13","date_gmt":"2019-12-19T17:09:13","guid":{"rendered":"http:\/\/pils10.de\/site5\/de\/?page_id=7"},"modified":"2021-12-11T16:42:30","modified_gmt":"2021-12-11T15:42:30","slug":"about","status":"publish","type":"page","link":"https:\/\/company.pils10.eu.org\/de\/about\/","title":{"rendered":"\u00dcber uns"},"content":{"rendered":"\r\n<p>Unser Unternehmen besteht aktuell aus einem festen und einem Teilzeitarbeiter. Wir versuchen uns zu <strong>vergr\u00f6\u00dfern<\/strong> und mehr <strong>Mitarbeiter einzustellen<\/strong>. Im Moment mache wir unsere T\u00e4tigkeit gr\u00f6\u00dftenteils <strong>unbezahlt<\/strong>, mal von den <strong>ca. 50\u20ac<\/strong> abgesehen die wir ungef\u00e4hr pro Jahr durch <strong>Werbung<\/strong> auf unserer Seite und <strong>YouTube <\/strong>verdienen. Wir freuen uns immer \u00fcber freiwillige Mitarbeiter und \u00fcber <strong>neue Ideen<\/strong>. Wir produzieren Inhalte <strong>nicht<\/strong> wegen des <strong>Geldes<\/strong>, sondern weil es uns <strong>Spa\u00df<\/strong> macht. Daf\u00fcr steht Pils10. Jetzt und auch in der Zukunft.<\/p>\r\n","protected":false},"excerpt":{"rendered":"<p>Unser Unternehmen besteht aktuell aus einem festen und einem Teilzeitarbeiter. Wir versuchen uns zu vergr\u00f6\u00dfern und mehr Mitarbeiter einzustellen. Im Moment mache wir unsere T\u00e4tigkeit gr\u00f6\u00dftenteils unbezahlt, mal von den ca. 50\u20ac abgesehen die wir ungef\u00e4hr pro Jahr durch Werbung auf unserer Seite und YouTube verdienen. Wir freuen uns immer \u00fcber freiwillige Mitarbeiter und \u00fcber [&hellip;]<\/p>\n","protected":false},"author":1,"featured_media":0,"parent":0,"menu_order":0,"comment_status":"closed","ping_status":"closed","template":"","meta":{"footnotes":""},"_links":{"self":[{"href":"https:\/\/company.pils10.eu.org\/de\/wp-json\/wp\/v2\/pages\/7"}],"collection":[{"href":"https:\/\/company.pils10.eu.org\/de\/wp-json\/wp\/v2\/pages"}],"about":[{"href":"https:\/\/company.pils10.eu.org\/de\/wp-json\/wp\/v2\/types\/page"}],"author":[{"embeddable":true,"href":"https:\/\/company.pils10.eu.org\/de\/wp-json\/wp\/v2\/users\/1"}],"replies":[{"embeddable":true,"href":"https:\/\/company.pils10.eu.org\/de\/wp-json\/wp\/v2\/comments?post=7"}],"version-history":[{"count":2,"href":"https:\/\/company.pils10.eu.org\/de\/wp-json\/wp\/v2\/pages\/7\/revisions"}],"predecessor-version":[{"id":62,"href":"https:\/\/company.pils10.eu.org\/de\/wp-json\/wp\/v2\/pages\/7\/revisions\/62"}],"wp:attachment":[{"href":"https:\/\/company.pils10.eu.org\/de\/wp-json\/wp\/v2\/media?parent=7"}],"curies":[{"name":"wp","href":"https:\/\/api.w.org\/{rel}","templated":true}]}}