{"id":108,"date":"2020-01-14T19:33:47","date_gmt":"2020-01-14T18:33:47","guid":{"rendered":"http:\/\/pils10.de\/site5\/de\/?page_id=108"},"modified":"2022-03-25T22:25:05","modified_gmt":"2022-03-25T21:25:05","slug":"kontakt","status":"publish","type":"page","link":"https:\/\/company.pils10.eu.org\/es\/kontakt\/","title":{"rendered":"Contacto con nosotros"},"content":{"rendered":"<div class=\"wpforms-container wpforms-container-full\" id=\"wpforms-140\"><form id=\"wpforms-form-140\" class=\"wpforms-validate wpforms-form\" data-formid=\"140\" method=\"post\" enctype=\"multipart\/form-data\" action=\"\/es\/wp-json\/wp\/v2\/pages\/108\" data-token=\"712235d04d1846abb4f17922e2bc5a63\" data-token-time=\"1777036934\" data-trp-original-action=\"\/es\/wp-json\/wp\/v2\/pages\/108\"><noscript class=\"wpforms-error-noscript\">Por favor, active JavaScript en su navegador para completar este formulario.<\/noscript><div class=\"wpforms-field-container\"><div id=\"wpforms-140-field_3-container\" class=\"wpforms-field wpforms-field-radio\" data-field-id=\"3\"><label class=\"wpforms-field-label\">\u00bfPor qu\u00e9 quieren ponerse en contacto con nosotros? <span class=\"wpforms-required-label\">*<\/span><\/label><ul id=\"wpforms-140-field_3\" class=\"wpforms-field-required\"><li class=\"choice-2 depth-1\"><input type=\"radio\" id=\"wpforms-140-field_3_2\" name=\"wpforms[fields][3]\" value=\"Kooperationsanfragen\" required><label class=\"wpforms-field-label-inline\" for=\"wpforms-140-field_3_2\">Solicitudes de cooperaci\u00f3n<\/label><\/li><li class=\"choice-12 depth-1\"><input type=\"radio\" id=\"wpforms-140-field_3_12\" name=\"wpforms[fields][3]\" value=\"Fragen \/ Informationen \u00fcber unseren Besuch zur Gamescom 2020\/2021 (Ein Block-Post folgt)\" required><label class=\"wpforms-field-label-inline\" for=\"wpforms-140-field_3_12\">Preguntas \/ informaci\u00f3n sobre nuestra visita a la Gamescom 2020\/2021 (A continuaci\u00f3n un post en bloque)<\/label><\/li><li class=\"choice-14 depth-1\"><input type=\"radio\" id=\"wpforms-140-field_3_14\" name=\"wpforms[fields][3]\" value=\"Informationen zu &quot;WebPromotion4You&quot; ( Wir erstellen deine Website)\" required><label class=\"wpforms-field-label-inline\" for=\"wpforms-140-field_3_14\">Informaci\u00f3n sobre \"WebPromotion4You\" ( Creamos su sitio web)<\/label><\/li><li class=\"choice-3 depth-1\"><input type=\"radio\" id=\"wpforms-140-field_3_3\" name=\"wpforms[fields][3]\" value=\"Fragen \/ Informationen (\u00dcber uns als &quot;Company&quot;)\" required><label class=\"wpforms-field-label-inline\" for=\"wpforms-140-field_3_3\">Preguntas \/ Informaci\u00f3n (Sobre nosotros como \"Empresa\")<\/label><\/li><li class=\"choice-11 depth-1\"><input type=\"radio\" id=\"wpforms-140-field_3_11\" name=\"wpforms[fields][3]\" value=\"Fragen \/ Informationen (Nicht \u00fcber uns als &quot;Company&quot;)\" required><label class=\"wpforms-field-label-inline\" for=\"wpforms-140-field_3_11\">Preguntas \/ Informaci\u00f3n (No sobre nosotros como \"Empresa\")<\/label><\/li><li class=\"choice-10 depth-1\"><input type=\"radio\" id=\"wpforms-140-field_3_10\" name=\"wpforms[fields][3]\" value=\"Bewerben (Nur \u00fcber die Jobs-Seite)\" required><label class=\"wpforms-field-label-inline\" for=\"wpforms-140-field_3_10\">Solicitar (s\u00f3lo a trav\u00e9s de la p\u00e1gina de empleo)<\/label><\/li><li class=\"choice-7 depth-1\"><input type=\"radio\" id=\"wpforms-140-field_3_7\" name=\"wpforms[fields][3]\" value=\"Video-Vorschl\u00e4ge (f\u00fcr unseren YouTube-Kanal)\" required><label class=\"wpforms-field-label-inline\" for=\"wpforms-140-field_3_7\">Sugerencias de v\u00eddeos (para nuestro canal de YouTube)<\/label><\/li><li class=\"choice-8 depth-1\"><input type=\"radio\" id=\"wpforms-140-field_3_8\" name=\"wpforms[fields][3]\" value=\"Vorschl\u00e4ge (nicht f\u00fcr unseren YouTube-Kanal)\" required><label class=\"wpforms-field-label-inline\" for=\"wpforms-140-field_3_8\">Sugerencias (no para nuestro canal de YouTube)<\/label><\/li><li class=\"choice-1 depth-1\"><input type=\"radio\" id=\"wpforms-140-field_3_1\" name=\"wpforms[fields][3]\" value=\"Technischer Support f\u00fcr interne Seiten (Home, Entertainment, ...)\" required><label class=\"wpforms-field-label-inline\" for=\"wpforms-140-field_3_1\">Soporte t\u00e9cnico para las p\u00e1ginas internas (Inicio, Entretenimiento, ...)<\/label><\/li><li class=\"choice-6 depth-1\"><input type=\"radio\" id=\"wpforms-140-field_3_6\" name=\"wpforms[fields][3]\" value=\"Technischer Support f\u00fcr externe Seiten (YouTube, Twitter, Laut.fm,... )\" required><label class=\"wpforms-field-label-inline\" for=\"wpforms-140-field_3_6\">Soporte t\u00e9cnico para sitios externos (YouTube, Twitter, Laut.fm,... )<\/label><\/li><li class=\"choice-4 depth-1\"><input type=\"radio\" id=\"wpforms-140-field_3_4\" name=\"wpforms[fields][3]\" value=\"Weitere Anfragen \/ Keins der genannten\" required><label class=\"wpforms-field-label-inline\" for=\"wpforms-140-field_3_4\">Otras consultas \/ Ninguna de las anteriores<\/label><\/li><\/ul><\/div><div id=\"wpforms-140-field_0-container\" class=\"wpforms-field wpforms-field-name\" data-field-id=\"0\"><label class=\"wpforms-field-label\">\u00bfC\u00f3mo se llaman? <span class=\"wpforms-required-label\">*<\/span><\/label><div class=\"wpforms-field-row wpforms-field-medium\"><div class=\"wpforms-field-row-block wpforms-first wpforms-one-half\"><input type=\"text\" id=\"wpforms-140-field_0\" class=\"wpforms-field-name-first wpforms-field-required\" name=\"wpforms[fields][0][first]\" required><label for=\"wpforms-140-field_0\" class=\"wpforms-field-sublabel after\">Nombre<\/label><\/div><div class=\"wpforms-field-row-block wpforms-one-half\"><input type=\"text\" id=\"wpforms-140-field_0-last\" class=\"wpforms-field-name-last wpforms-field-required\" name=\"wpforms[fields][0][last]\" required><label for=\"wpforms-140-field_0-last\" class=\"wpforms-field-sublabel after\">Apellidos<\/label><\/div><\/div><\/div><div id=\"wpforms-140-field_1-container\" class=\"wpforms-field wpforms-field-email\" data-field-id=\"1\"><label class=\"wpforms-field-label\" for=\"wpforms-140-field_1\">Cu\u00e1l es su direcci\u00f3n de correo electr\u00f3nico <span class=\"wpforms-required-label\">*<\/span><\/label><input type=\"email\" id=\"wpforms-140-field_1\" class=\"wpforms-field-medium wpforms-field-required\" name=\"wpforms[fields][1]\" spellcheck=\"false\" required><\/div><div id=\"wpforms-140-field_2-container\" class=\"wpforms-field wpforms-field-textarea\" data-field-id=\"2\"><label class=\"wpforms-field-label\" for=\"wpforms-140-field_2\">\u00bfQu\u00e9 le gustar\u00eda decirnos? <span class=\"wpforms-required-label\">*<\/span><\/label><textarea id=\"wpforms-140-field_2\" class=\"wpforms-field-medium wpforms-field-required\" name=\"wpforms[fields][2]\" required><\/textarea><\/div><\/div><!-- .wpforms-field-container --><div class=\"wpforms-field wpforms-field-hp\"><label for=\"wpforms-140-field-hp\" class=\"wpforms-field-label\">Nombre<\/label><input type=\"text\" name=\"wpforms[hp]\" id=\"wpforms-140-field-hp\" class=\"wpforms-field-medium\"><\/div><div class=\"wpforms-recaptcha-container wpforms-is-recaptcha wpforms-is-recaptcha-type-v3\" ><input type=\"hidden\" name=\"wpforms[recaptcha]\" value=\"\"><\/div><div class=\"wpforms-submit-container\" ><input type=\"hidden\" name=\"wpforms[id]\" value=\"140\"><input type=\"hidden\" name=\"page_title\" value=\"\"><input type=\"hidden\" name=\"page_url\" value=\"https:\/\/company.pils10.eu.org\/es\/wp-json\/wp\/v2\/pages\/108\"><input type=\"hidden\" name=\"url_referer\" value=\"\"><button type=\"submit\" name=\"wpforms[submit]\" id=\"wpforms-submit-140\" class=\"wpforms-submit\" data-alt-text=\"Senden...\" data-submit-text=\"Absenden\" aria-live=\"assertive\" value=\"wpforms-submit\">Enviar<\/button><\/div><input type=\"hidden\" name=\"trp-form-language\" value=\"es\"\/><\/form><\/div>  <!-- .wpforms-container -->","protected":false},"excerpt":{"rendered":"","protected":false},"author":1,"featured_media":0,"parent":0,"menu_order":0,"comment_status":"closed","ping_status":"closed","template":"","meta":{"footnotes":""},"_links":{"self":[{"href":"https:\/\/company.pils10.eu.org\/es\/wp-json\/wp\/v2\/pages\/108"}],"collection":[{"href":"https:\/\/company.pils10.eu.org\/es\/wp-json\/wp\/v2\/pages"}],"about":[{"href":"https:\/\/company.pils10.eu.org\/es\/wp-json\/wp\/v2\/types\/page"}],"author":[{"embeddable":true,"href":"https:\/\/company.pils10.eu.org\/es\/wp-json\/wp\/v2\/users\/1"}],"replies":[{"embeddable":true,"href":"https:\/\/company.pils10.eu.org\/es\/wp-json\/wp\/v2\/comments?post=108"}],"version-history":[{"count":5,"href":"https:\/\/company.pils10.eu.org\/es\/wp-json\/wp\/v2\/pages\/108\/revisions"}],"predecessor-version":[{"id":259,"href":"https:\/\/company.pils10.eu.org\/es\/wp-json\/wp\/v2\/pages\/108\/revisions\/259"}],"wp:attachment":[{"href":"https:\/\/company.pils10.eu.org\/es\/wp-json\/wp\/v2\/media?parent=108"}],"curies":[{"name":"wp","href":"https:\/\/api.w.org\/{rel}","templated":true}]}}